{"id":10,"date":"2025-08-27T03:41:41","date_gmt":"2025-08-27T03:41:41","guid":{"rendered":"http:\/\/taxidaklak.io.vn\/?page_id=10"},"modified":"2025-08-29T02:25:35","modified_gmt":"2025-08-29T02:25:35","slug":"home","status":"publish","type":"page","link":"https:\/\/taxidaklak.io.vn\/","title":{"rendered":"Home"},"content":{"rendered":"\t\t<div data-elementor-type=\"page\" data-elementor-id=\"25\" class=\"elementor elementor-25\" data-elementor-settings=\"[]\">\n\t\t\t\t\t\t<div class=\"elementor-inner\">\n\t\t\t\t\t\t\t<div class=\"elementor-section-wrap\">\n\t\t\t\t\t\t\t<section class=\"elementor-section elementor-top-section elementor-element elementor-element-8f20cd6 elementor-section-boxed elementor-section-height-default elementor-section-height-default\" data-id=\"8f20cd6\" data-element_type=\"section\">\n\t\t\t\t\t\t<div class=\"elementor-container elementor-column-gap-default\">\n\t\t\t\t\t\t\t<div class=\"elementor-row\">\n\t\t\t\t\t<div class=\"elementor-column elementor-col-100 elementor-top-column elementor-element elementor-element-5a02170\" data-id=\"5a02170\" data-element_type=\"column\">\n\t\t\t<div class=\"elementor-column-wrap elementor-element-populated\">\n\t\t\t\t\t\t\t<div class=\"elementor-widget-wrap\">\n\t\t\t\t\t\t<div class=\"elementor-element elementor-element-a2abd6e elementor--h-position-center elementor--v-position-middle elementor-arrows-position-inside elementor-pagination-position-inside elementor-widget elementor-widget-slides\" data-id=\"a2abd6e\" data-element_type=\"widget\" data-settings=\"{&quot;navigation&quot;:&quot;both&quot;,&quot;autoplay&quot;:&quot;yes&quot;,&quot;pause_on_hover&quot;:&quot;yes&quot;,&quot;pause_on_interaction&quot;:&quot;yes&quot;,&quot;autoplay_speed&quot;:5000,&quot;infinite&quot;:&quot;yes&quot;,&quot;transition&quot;:&quot;slide&quot;,&quot;transition_speed&quot;:500}\" data-widget_type=\"slides.default\">\n\t\t\t\t<div class=\"elementor-widget-container\">\n\t\t\t\t\t<div class=\"elementor-swiper\">\n\t\t\t<div class=\"elementor-slides-wrapper elementor-main-swiper swiper-container\" dir=\"ltr\" data-animation=\"fadeInUp\">\n\t\t\t\t<div class=\"swiper-wrapper elementor-slides\">\n\t\t\t\t\t<div class=\"elementor-repeater-item-2d8593a swiper-slide\"><div class=\"swiper-slide-bg\"><\/div><a class=\"swiper-slide-inner\" href=\"tel:0824813813\"><div class=\"swiper-slide-contents\"><div class=\"elementor-slide-heading\">Taxi Daklak<\/div><div class=\"elementor-slide-description\">G\u1ecdi ngay s\u1ed1 taxi daklak<\/div><div  class=\"elementor-button elementor-slide-button elementor-size-sm\">0824813813<\/div><\/div><\/a><\/div><div class=\"elementor-repeater-item-950790f swiper-slide\"><div class=\"swiper-slide-bg\"><\/div><a class=\"swiper-slide-inner\" href=\"tel:0824813813\"><div class=\"swiper-slide-contents\"><div class=\"elementor-slide-heading\">Taxi Daklak<\/div><div class=\"elementor-slide-description\">G\u1ecdi ngay s\u1ed1 taxi daklak<\/div><div  class=\"elementor-button elementor-slide-button elementor-size-sm\">0824813813<\/div><\/div><\/a><\/div>\t\t\t\t<\/div>\n\t\t\t\t\t\t\t\t\t\t\t\t\t\t\t<div class=\"swiper-pagination\"><\/div>\n\t\t\t\t\t\t\t\t\t\t\t\t\t\t\t\t<div class=\"elementor-swiper-button elementor-swiper-button-prev\">\n\t\t\t\t\t\t\t<i class=\"eicon-chevron-left\" aria-hidden=\"true\"><\/i>\n\t\t\t\t\t\t\t<span class=\"elementor-screen-only\">Previous<\/span>\n\t\t\t\t\t\t<\/div>\n\t\t\t\t\t\t<div class=\"elementor-swiper-button elementor-swiper-button-next\">\n\t\t\t\t\t\t\t<i class=\"eicon-chevron-right\" aria-hidden=\"true\"><\/i>\n\t\t\t\t\t\t\t<span class=\"elementor-screen-only\">Next<\/span>\n\t\t\t\t\t\t<\/div>\n\t\t\t\t\t\t\t\t\t\t\t\t<\/div>\n\t\t<\/div>\n\t\t\t\t<\/div>\n\t\t\t\t<\/div>\n\t\t\t\t\t\t<\/div>\n\t\t\t\t\t<\/div>\n\t\t<\/div>\n\t\t\t\t\t\t\t\t<\/div>\n\t\t\t\t\t<\/div>\n\t\t<\/section>\n\t\t\t\t<section class=\"elementor-section elementor-top-section elementor-element elementor-element-032d3a6 elementor-section-boxed elementor-section-height-default elementor-section-height-default\" data-id=\"032d3a6\" data-element_type=\"section\">\n\t\t\t\t\t\t<div class=\"elementor-container elementor-column-gap-default\">\n\t\t\t\t\t\t\t<div class=\"elementor-row\">\n\t\t\t\t\t<div class=\"elementor-column elementor-col-100 elementor-top-column elementor-element elementor-element-d7eb4d1\" data-id=\"d7eb4d1\" data-element_type=\"column\">\n\t\t\t<div class=\"elementor-column-wrap elementor-element-populated\">\n\t\t\t\t\t\t\t<div class=\"elementor-widget-wrap\">\n\t\t\t\t\t\t<div class=\"elementor-element elementor-element-4c8d593 elementor-grid-3 elementor-grid-tablet-2 elementor-grid-mobile-1 elementor-posts--thumbnail-top elementor-card-shadow-yes elementor-posts__hover-gradient elementor-widget elementor-widget-posts\" data-id=\"4c8d593\" data-element_type=\"widget\" data-settings=\"{&quot;cards_columns&quot;:&quot;3&quot;,&quot;cards_columns_tablet&quot;:&quot;2&quot;,&quot;cards_columns_mobile&quot;:&quot;1&quot;,&quot;cards_row_gap&quot;:{&quot;unit&quot;:&quot;px&quot;,&quot;size&quot;:35,&quot;sizes&quot;:[]}}\" data-widget_type=\"posts.cards\">\n\t\t\t\t<div class=\"elementor-widget-container\">\n\t\t\t\t\t<div class=\"elementor-posts-container elementor-posts elementor-posts--skin-cards elementor-grid\">\n\t\t\t\t<article class=\"elementor-post elementor-grid-item post-38 post type-post status-publish format-standard has-post-thumbnail hentry category-chua-phan-loai\">\n\t\t\t<div class=\"elementor-post__card\">\n\t\t\t\t<a class=\"elementor-post__thumbnail__link\" href=\"https:\/\/taxidaklak.io.vn\/index.php\/2025\/08\/29\/taxi-du-lich\/\" >\n\t\t\t<div class=\"elementor-post__thumbnail\"><img loading=\"lazy\" decoding=\"async\" width=\"300\" height=\"203\" src=\"https:\/\/taxidaklak.io.vn\/wp-content\/uploads\/2025\/08\/cho-thue-xe-binh-duong-7752-300x203.jpg\" class=\"attachment-medium size-medium\" alt=\"\" srcset=\"https:\/\/taxidaklak.io.vn\/wp-content\/uploads\/2025\/08\/cho-thue-xe-binh-duong-7752-300x203.jpg 300w, https:\/\/taxidaklak.io.vn\/wp-content\/uploads\/2025\/08\/cho-thue-xe-binh-duong-7752-1024x692.jpg 1024w, https:\/\/taxidaklak.io.vn\/wp-content\/uploads\/2025\/08\/cho-thue-xe-binh-duong-7752-768x519.jpg 768w, https:\/\/taxidaklak.io.vn\/wp-content\/uploads\/2025\/08\/cho-thue-xe-binh-duong-7752-1536x1038.jpg 1536w, https:\/\/taxidaklak.io.vn\/wp-content\/uploads\/2025\/08\/cho-thue-xe-binh-duong-7752-1200x811.jpg 1200w, https:\/\/taxidaklak.io.vn\/wp-content\/uploads\/2025\/08\/cho-thue-xe-binh-duong-7752.jpg 1772w\" sizes=\"auto, (max-width: 300px) 85vw, 300px\" \/><\/div>\n\t\t<\/a>\n\t\t\t\t<div class=\"elementor-post__text\">\n\t\t\t\t<h3 class=\"elementor-post__title\">\n\t\t\t<a href=\"https:\/\/taxidaklak.io.vn\/index.php\/2025\/08\/29\/taxi-du-lich\/\" >\n\t\t\t\tTaxi du l\u1ecbch\t\t\t<\/a>\n\t\t<\/h3>\n\t\t\t\t<\/div>\n\t\t\t\t\t<\/div>\n\t\t<\/article>\n\t\t\t\t<article class=\"elementor-post elementor-grid-item post-15 post type-post status-publish format-standard has-post-thumbnail hentry category-chua-phan-loai\">\n\t\t\t<div class=\"elementor-post__card\">\n\t\t\t\t<a class=\"elementor-post__thumbnail__link\" href=\"https:\/\/taxidaklak.io.vn\/index.php\/2025\/08\/27\/taxi-7-cho\/\" >\n\t\t\t<div class=\"elementor-post__thumbnail\"><img loading=\"lazy\" decoding=\"async\" width=\"300\" height=\"225\" src=\"https:\/\/taxidaklak.io.vn\/wp-content\/uploads\/2025\/08\/xpander_cross_den_frontleft-300x225.png\" class=\"attachment-medium size-medium\" alt=\"\" srcset=\"https:\/\/taxidaklak.io.vn\/wp-content\/uploads\/2025\/08\/xpander_cross_den_frontleft-300x225.png 300w, https:\/\/taxidaklak.io.vn\/wp-content\/uploads\/2025\/08\/xpander_cross_den_frontleft-1024x768.png 1024w, https:\/\/taxidaklak.io.vn\/wp-content\/uploads\/2025\/08\/xpander_cross_den_frontleft-768x576.png 768w, https:\/\/taxidaklak.io.vn\/wp-content\/uploads\/2025\/08\/xpander_cross_den_frontleft-1536x1152.png 1536w, https:\/\/taxidaklak.io.vn\/wp-content\/uploads\/2025\/08\/xpander_cross_den_frontleft.png 1600w\" sizes=\"auto, (max-width: 300px) 85vw, 300px\" \/><\/div>\n\t\t<\/a>\n\t\t\t\t<div class=\"elementor-post__text\">\n\t\t\t\t<h3 class=\"elementor-post__title\">\n\t\t\t<a href=\"https:\/\/taxidaklak.io.vn\/index.php\/2025\/08\/27\/taxi-7-cho\/\" >\n\t\t\t\tTaxi 7 ch\u1ed7\t\t\t<\/a>\n\t\t<\/h3>\n\t\t\t\t<\/div>\n\t\t\t\t\t<\/div>\n\t\t<\/article>\n\t\t\t\t<article class=\"elementor-post elementor-grid-item post-12 post type-post status-publish format-standard has-post-thumbnail hentry category-chua-phan-loai\">\n\t\t\t<div class=\"elementor-post__card\">\n\t\t\t\t<a class=\"elementor-post__thumbnail__link\" href=\"https:\/\/taxidaklak.io.vn\/index.php\/2025\/08\/27\/taxi-4-cho\/\" >\n\t\t\t<div class=\"elementor-post__thumbnail\"><img loading=\"lazy\" decoding=\"async\" width=\"300\" height=\"170\" src=\"https:\/\/taxidaklak.io.vn\/wp-content\/uploads\/2025\/08\/hyundai-grand-i10-300x170.png\" class=\"attachment-medium size-medium\" alt=\"\" srcset=\"https:\/\/taxidaklak.io.vn\/wp-content\/uploads\/2025\/08\/hyundai-grand-i10-300x170.png 300w, https:\/\/taxidaklak.io.vn\/wp-content\/uploads\/2025\/08\/hyundai-grand-i10.png 662w\" sizes=\"auto, (max-width: 300px) 85vw, 300px\" \/><\/div>\n\t\t<\/a>\n\t\t\t\t<div class=\"elementor-post__text\">\n\t\t\t\t<h3 class=\"elementor-post__title\">\n\t\t\t<a href=\"https:\/\/taxidaklak.io.vn\/index.php\/2025\/08\/27\/taxi-4-cho\/\" >\n\t\t\t\tTaxi 4 ch\u1ed7\t\t\t<\/a>\n\t\t<\/h3>\n\t\t\t\t<\/div>\n\t\t\t\t\t<\/div>\n\t\t<\/article>\n\t\t\t\t<\/div>\n\t\t\t\t<\/div>\n\t\t\t\t<\/div>\n\t\t\t\t\t\t<\/div>\n\t\t\t\t\t<\/div>\n\t\t<\/div>\n\t\t\t\t\t\t\t\t<\/div>\n\t\t\t\t\t<\/div>\n\t\t<\/section>\n\t\t\t\t<section class=\"elementor-section elementor-top-section elementor-element elementor-element-0214a3c elementor-section-boxed elementor-section-height-default elementor-section-height-default\" data-id=\"0214a3c\" data-element_type=\"section\">\n\t\t\t\t\t\t<div class=\"elementor-container elementor-column-gap-default\">\n\t\t\t\t\t\t\t<div class=\"elementor-row\">\n\t\t\t\t\t<div class=\"elementor-column elementor-col-100 elementor-top-column elementor-element elementor-element-251f88a\" data-id=\"251f88a\" data-element_type=\"column\">\n\t\t\t<div class=\"elementor-column-wrap elementor-element-populated\">\n\t\t\t\t\t\t\t<div class=\"elementor-widget-wrap\">\n\t\t\t\t\t\t<section class=\"elementor-section elementor-inner-section elementor-element elementor-element-653eda8 elementor-section-boxed elementor-section-height-default elementor-section-height-default\" data-id=\"653eda8\" data-element_type=\"section\">\n\t\t\t\t\t\t<div class=\"elementor-container elementor-column-gap-default\">\n\t\t\t\t\t\t\t<div class=\"elementor-row\">\n\t\t\t\t\t<div class=\"elementor-column elementor-col-50 elementor-inner-column elementor-element elementor-element-cf82c46\" data-id=\"cf82c46\" data-element_type=\"column\">\n\t\t\t<div class=\"elementor-column-wrap elementor-element-populated\">\n\t\t\t\t\t\t\t<div class=\"elementor-widget-wrap\">\n\t\t\t\t\t\t<div class=\"elementor-element elementor-element-3e1924d elementor-widget elementor-widget-text-editor\" data-id=\"3e1924d\" data-element_type=\"widget\" data-widget_type=\"text-editor.default\">\n\t\t\t\t<div class=\"elementor-widget-container\">\n\t\t\t\t\t<div class=\"elementor-text-editor elementor-clearfix\"><h5>G\u1ecdi Xe Taxi 24\/24 Xe Trong Th\u00e0nh ph\u1ed1 BMT &amp; Ngo\u00e0i Huy\u1ec7n Nh\u01b0 Kr\u00f4ng Pak, C\u01b0 Mgar, C\u01b0 Kuin, Ea Kar<\/h5><h3><strong>Book Xe Taxi Bu\u00f4n Ma Thu\u1ed9t<\/strong><\/h3><p>Taxi Bu\u00f4n Ma Thu\u1ed9t\u00a0\u2013 Chuy\u00ean \u0111\u01b0a \u0111\u00f3n s\u00e2n bay \u2013\u00a0 Nhanh ch\u00f3ng, t\u00e0i x\u1ebf l\u1ecbch s\u1ef1, l\u00e1i xe an to\u00e0n, th\u00e1i \u0111\u1ed9 t\u1ed1t. Xe \u0111\u1eddi m\u1edbi, s\u1ea1ch s\u1ebd, kh\u00f4ng m\u00f9i xe. S\u00e1t khu\u1ea9n, ph\u00f2ng ng\u1eeba S\u1ea1ch S\u1ebd Gi\u00e1 c\u1ea3 c\u1ea1nh tranh, c\u00f3 ch\u1ebf \u0111\u1ed9 t\u1ed1t cho kh\u00e1c h\u00e0ng \u0111i xa, ho\u1eb7c thu\u00ea xe<\/p><div id=\"row-625240745\" class=\"row\"><div id=\"col-973322589\" class=\"col small-12 large-12\"><div class=\"col-inner\">\u00a0<\/div><\/div><\/div><\/div>\n\t\t\t\t<\/div>\n\t\t\t\t<\/div>\n\t\t\t\t\t\t<\/div>\n\t\t\t\t\t<\/div>\n\t\t<\/div>\n\t\t\t\t<div class=\"elementor-column elementor-col-50 elementor-inner-column elementor-element elementor-element-99ef75b\" data-id=\"99ef75b\" data-element_type=\"column\">\n\t\t\t<div class=\"elementor-column-wrap elementor-element-populated\">\n\t\t\t\t\t\t\t<div class=\"elementor-widget-wrap\">\n\t\t\t\t\t\t<div class=\"elementor-element elementor-element-89ad0af elementor-widget elementor-widget-image\" data-id=\"89ad0af\" data-element_type=\"widget\" data-widget_type=\"image.default\">\n\t\t\t\t<div class=\"elementor-widget-container\">\n\t\t\t\t\t<div class=\"elementor-image\">\n\t\t\t\t\t\t\t\t\t\t<img loading=\"lazy\" decoding=\"async\" width=\"840\" height=\"630\" src=\"https:\/\/taxidaklak.io.vn\/wp-content\/uploads\/2025\/08\/xpander_cross_den_frontleft-1024x768.png\" class=\"attachment-large size-large\" alt=\"\" srcset=\"https:\/\/taxidaklak.io.vn\/wp-content\/uploads\/2025\/08\/xpander_cross_den_frontleft-1024x768.png 1024w, https:\/\/taxidaklak.io.vn\/wp-content\/uploads\/2025\/08\/xpander_cross_den_frontleft-300x225.png 300w, https:\/\/taxidaklak.io.vn\/wp-content\/uploads\/2025\/08\/xpander_cross_den_frontleft-768x576.png 768w, https:\/\/taxidaklak.io.vn\/wp-content\/uploads\/2025\/08\/xpander_cross_den_frontleft-1536x1152.png 1536w, https:\/\/taxidaklak.io.vn\/wp-content\/uploads\/2025\/08\/xpander_cross_den_frontleft.png 1600w\" sizes=\"auto, (max-width: 709px) 85vw, (max-width: 909px) 67vw, (max-width: 1362px) 62vw, 840px\" \/>\t\t\t\t\t\t\t\t\t\t\t<\/div>\n\t\t\t\t<\/div>\n\t\t\t\t<\/div>\n\t\t\t\t\t\t<\/div>\n\t\t\t\t\t<\/div>\n\t\t<\/div>\n\t\t\t\t\t\t\t\t<\/div>\n\t\t\t\t\t<\/div>\n\t\t<\/section>\n\t\t\t\t\t\t<\/div>\n\t\t\t\t\t<\/div>\n\t\t<\/div>\n\t\t\t\t\t\t\t\t<\/div>\n\t\t\t\t\t<\/div>\n\t\t<\/section>\n\t\t\t\t<section class=\"elementor-section elementor-top-section elementor-element elementor-element-b5adec3 elementor-section-boxed elementor-section-height-default elementor-section-height-default\" data-id=\"b5adec3\" data-element_type=\"section\">\n\t\t\t\t\t\t<div class=\"elementor-container elementor-column-gap-default\">\n\t\t\t\t\t\t\t<div class=\"elementor-row\">\n\t\t\t\t\t<div class=\"elementor-column elementor-col-33 elementor-top-column elementor-element elementor-element-76eb085\" data-id=\"76eb085\" data-element_type=\"column\">\n\t\t\t<div class=\"elementor-column-wrap elementor-element-populated\">\n\t\t\t\t\t\t\t<div class=\"elementor-widget-wrap\">\n\t\t\t\t\t\t<div class=\"elementor-element elementor-element-703ebad elementor-widget elementor-widget-text-editor\" data-id=\"703ebad\" data-element_type=\"widget\" data-widget_type=\"text-editor.default\">\n\t\t\t\t<div class=\"elementor-widget-container\">\n\t\t\t\t\t<div class=\"elementor-text-editor elementor-clearfix\"><p><img loading=\"lazy\" decoding=\"async\" class=\"alignnone size-medium wp-image-32\" src=\"http:\/\/taxidaklak.io.vn\/wp-content\/uploads\/2025\/08\/services-300x123.png\" alt=\"\" width=\"300\" height=\"123\" srcset=\"https:\/\/taxidaklak.io.vn\/wp-content\/uploads\/2025\/08\/services-300x123.png 300w, https:\/\/taxidaklak.io.vn\/wp-content\/uploads\/2025\/08\/services.png 521w\" sizes=\"auto, (max-width: 300px) 85vw, 300px\" \/><\/p><\/div>\n\t\t\t\t<\/div>\n\t\t\t\t<\/div>\n\t\t\t\t\t\t<\/div>\n\t\t\t\t\t<\/div>\n\t\t<\/div>\n\t\t\t\t<div class=\"elementor-column elementor-col-33 elementor-top-column elementor-element elementor-element-866e0c8\" data-id=\"866e0c8\" data-element_type=\"column\">\n\t\t\t<div class=\"elementor-column-wrap elementor-element-populated\">\n\t\t\t\t\t\t\t<div class=\"elementor-widget-wrap\">\n\t\t\t\t\t\t<div class=\"elementor-element elementor-element-5bcbf50 elementor-widget elementor-widget-text-editor\" data-id=\"5bcbf50\" data-element_type=\"widget\" data-widget_type=\"text-editor.default\">\n\t\t\t\t<div class=\"elementor-widget-container\">\n\t\t\t\t\t<div class=\"elementor-text-editor elementor-clearfix\"><h4 class=\"uppercase\"><span class=\"person-name\">TAXI DU L\u1ecaCH<\/span><br \/><span class=\"person-title is-small thin-font op-7\">G\u1ecdi Ngay 091 135 24 47<\/span><\/h4><p>L\u00e0m vi\u1ec7c t\u1ea5t c\u1ea3 c\u00e1c ng\u00e0y trong tu\u1ea7n<\/p><\/div>\n\t\t\t\t<\/div>\n\t\t\t\t<\/div>\n\t\t\t\t\t\t<\/div>\n\t\t\t\t\t<\/div>\n\t\t<\/div>\n\t\t\t\t<div class=\"elementor-column elementor-col-33 elementor-top-column elementor-element elementor-element-9925d4d\" data-id=\"9925d4d\" data-element_type=\"column\">\n\t\t\t<div class=\"elementor-column-wrap elementor-element-populated\">\n\t\t\t\t\t\t\t<div class=\"elementor-widget-wrap\">\n\t\t\t\t\t\t<div class=\"elementor-element elementor-element-7b50e21 elementor-widget elementor-widget-text-editor\" data-id=\"7b50e21\" data-element_type=\"widget\" data-widget_type=\"text-editor.default\">\n\t\t\t\t<div class=\"elementor-widget-container\">\n\t\t\t\t\t<div class=\"elementor-text-editor elementor-clearfix\"><h4 class=\"uppercase\"><span class=\"person-name\">TAXI \u0110I NGO\u00c0I T\u1ec8NH<\/span><br \/><span class=\"person-title is-small thin-font op-7\">G\u1ecdi Ngay 0824813813<\/span><\/h4><p>L\u00e0m vi\u1ec7c t\u1ea5t c\u1ea3 c\u00e1c ng\u00e0y trong tu\u1ea7n<\/p><\/div>\n\t\t\t\t<\/div>\n\t\t\t\t<\/div>\n\t\t\t\t\t\t<\/div>\n\t\t\t\t\t<\/div>\n\t\t<\/div>\n\t\t\t\t\t\t\t\t<\/div>\n\t\t\t\t\t<\/div>\n\t\t<\/section>\n\t\t\t\t<section class=\"elementor-section elementor-top-section elementor-element elementor-element-f504b69 elementor-section-boxed elementor-section-height-default elementor-section-height-default\" data-id=\"f504b69\" data-element_type=\"section\">\n\t\t\t\t\t\t<div class=\"elementor-container elementor-column-gap-default\">\n\t\t\t\t\t\t\t<div class=\"elementor-row\">\n\t\t\t\t\t<div class=\"elementor-column elementor-col-50 elementor-top-column elementor-element elementor-element-1ff339c\" data-id=\"1ff339c\" data-element_type=\"column\">\n\t\t\t<div class=\"elementor-column-wrap elementor-element-populated\">\n\t\t\t\t\t\t\t<div class=\"elementor-widget-wrap\">\n\t\t\t\t\t\t<div class=\"elementor-element elementor-element-5a9dd3c elementor-widget elementor-widget-text-editor\" data-id=\"5a9dd3c\" data-element_type=\"widget\" data-widget_type=\"text-editor.default\">\n\t\t\t\t<div class=\"elementor-widget-container\">\n\t\t\t\t\t<div class=\"elementor-text-editor elementor-clearfix\"><p data-start=\"696\" data-end=\"744\">LI\u00caN H\u1ec6 TAXI DAKLAK<\/p><blockquote data-start=\"746\" data-end=\"862\"><p data-start=\"748\" data-end=\"862\"><img decoding=\"async\" class=\"emoji\" role=\"img\" draggable=\"false\" src=\"https:\/\/s.w.org\/images\/core\/emoji\/16.0.1\/svg\/1f695.svg\" alt=\"\ud83d\ude95\" \/>\u00a0<strong data-start=\"751\" data-end=\"797\">Taxi 4 ch\u1ed7 \u2013 An to\u00e0n \u2013 Ti\u1ec7n l\u1ee3i \u2013 Gi\u00e1 t\u1ed1t!<\/strong><br data-start=\"797\" data-end=\"800\" \/>Ph\u1ee5c v\u1ee5 nhanh ch\u00f3ng 24\/7 \u2013 G\u1ecdi l\u00e0 c\u00f3!<br data-start=\"839\" data-end=\"842\" \/><img decoding=\"async\" class=\"emoji\" role=\"img\" draggable=\"false\" src=\"https:\/\/s.w.org\/images\/core\/emoji\/16.0.1\/svg\/1f4de.svg\" alt=\"\ud83d\udcde\" \/>\u00a0[0824813813]<\/p><\/blockquote><\/div>\n\t\t\t\t<\/div>\n\t\t\t\t<\/div>\n\t\t\t\t\t\t<\/div>\n\t\t\t\t\t<\/div>\n\t\t<\/div>\n\t\t\t\t<div class=\"elementor-column elementor-col-50 elementor-top-column elementor-element elementor-element-a4e47a9\" data-id=\"a4e47a9\" data-element_type=\"column\">\n\t\t\t<div class=\"elementor-column-wrap elementor-element-populated\">\n\t\t\t\t\t\t\t<div class=\"elementor-widget-wrap\">\n\t\t\t\t\t\t<div class=\"elementor-element elementor-element-91fabcd elementor-widget elementor-widget-text-editor\" data-id=\"91fabcd\" data-element_type=\"widget\" data-widget_type=\"text-editor.default\">\n\t\t\t\t<div class=\"elementor-widget-container\">\n\t\t\t\t\t<div class=\"elementor-text-editor elementor-clearfix\"><p data-start=\"121\" data-end=\"182\"><img decoding=\"async\" class=\"emoji\" role=\"img\" draggable=\"false\" src=\"https:\/\/s.w.org\/images\/core\/emoji\/16.0.1\/svg\/1f696.svg\" alt=\"\ud83d\ude96\" \/>\u00a0<strong data-start=\"124\" data-end=\"179\">D\u1ecaCH V\u1ee4 TAXI 4 CH\u1ed6 \u2013 NHANH CH\u00d3NG, TI\u1ec6N L\u1ee2I, AN TO\u00c0N<\/strong>\u00a0<img decoding=\"async\" class=\"emoji\" role=\"img\" draggable=\"false\" src=\"https:\/\/s.w.org\/images\/core\/emoji\/16.0.1\/svg\/1f696.svg\" alt=\"\ud83d\ude96\" \/><\/p><p data-start=\"184\" data-end=\"335\">B\u1ea1n \u0111ang c\u1ea7n di chuy\u1ec3n an to\u00e0n v\u00e0 tho\u1ea3i m\u00e1i? H\u00e3y l\u1ef1a ch\u1ecdn\u00a0<strong data-start=\"242\" data-end=\"256\">Taxi 4 ch\u1ed7<\/strong>\u00a0\u2013 gi\u1ea3i ph\u00e1p di chuy\u1ec3n l\u00fd t\u01b0\u1edfng cho c\u00e1 nh\u00e2n, gia \u0111\u00ecnh nh\u1ecf ho\u1eb7c chuy\u1ebfn c\u00f4ng t\u00e1c!<\/p><\/div>\n\t\t\t\t<\/div>\n\t\t\t\t<\/div>\n\t\t\t\t\t\t<\/div>\n\t\t\t\t\t<\/div>\n\t\t<\/div>\n\t\t\t\t\t\t\t\t<\/div>\n\t\t\t\t\t<\/div>\n\t\t<\/section>\n\t\t\t\t\t\t<\/div>\n\t\t\t\t\t\t<\/div>\n\t\t\t\t\t<\/div>\n\t\t\n","protected":false},"excerpt":{"rendered":"","protected":false},"author":1,"featured_media":0,"parent":0,"menu_order":0,"comment_status":"closed","ping_status":"closed","template":"","meta":{"footnotes":""},"class_list":["post-10","page","type-page","status-publish","hentry"],"_links":{"self":[{"href":"https:\/\/taxidaklak.io.vn\/index.php\/wp-json\/wp\/v2\/pages\/10","targetHints":{"allow":["GET"]}}],"collection":[{"href":"https:\/\/taxidaklak.io.vn\/index.php\/wp-json\/wp\/v2\/pages"}],"about":[{"href":"https:\/\/taxidaklak.io.vn\/index.php\/wp-json\/wp\/v2\/types\/page"}],"author":[{"embeddable":true,"href":"https:\/\/taxidaklak.io.vn\/index.php\/wp-json\/wp\/v2\/users\/1"}],"replies":[{"embeddable":true,"href":"https:\/\/taxidaklak.io.vn\/index.php\/wp-json\/wp\/v2\/comments?post=10"}],"version-history":[{"count":2,"href":"https:\/\/taxidaklak.io.vn\/index.php\/wp-json\/wp\/v2\/pages\/10\/revisions"}],"predecessor-version":[{"id":37,"href":"https:\/\/taxidaklak.io.vn\/index.php\/wp-json\/wp\/v2\/pages\/10\/revisions\/37"}],"wp:attachment":[{"href":"https:\/\/taxidaklak.io.vn\/index.php\/wp-json\/wp\/v2\/media?parent=10"}],"curies":[{"name":"wp","href":"https:\/\/api.w.org\/{rel}","templated":true}]}}